{"id":20524,"date":"2022-07-09T10:48:26","date_gmt":"2022-07-09T09:48:26","guid":{"rendered":"https:\/\/somiedoturismo.es\/pornacal"},"modified":"2023-10-29T14:14:09","modified_gmt":"2023-10-29T13:14:09","slug":"pornacal","status":"publish","type":"page","link":"https:\/\/somiedoturismo.es\/en\/pornacal","title":{"rendered":"La Pornacal"},"content":{"rendered":"<div id=\"cmsmasters_row_dldv6iexnh\" class=\"cmsmasters_row cmsmasters_color_scheme_default cmsmasters_row_top_default cmsmasters_row_bot_default cmsmasters_row_fullwidth\">\n<div class=\"cmsmasters_row_outer_parent\">\n<div class=\"cmsmasters_row_outer\">\n<div class=\"cmsmasters_row_inner cmsmasters_row_fullwidth\">\n<div class=\"cmsmasters_row_margin cmsmasters_row_columns_behavior\">\n<div id=\"cmsmasters_column_fds70fuqos\" class=\"cmsmasters_column one_third\">\n<div class=\"cmsmasters_column_inner\"><\/div><\/div>\n<div id=\"cmsmasters_column_9umckw2emc\" class=\"cmsmasters_column two_third\">\n<div class=\"cmsmasters_column_inner\"><div id=\"cmsmasters_heading_cx7mudjbxl\" class=\"cmsmasters_heading_wrap cmsmasters_heading_align_left cmsmasters_heading_divider_short\">\n\t<h2 class=\"cmsmasters_heading\">La Pornacal<\/h2>\n<span class=\"cmsmasters_heading_divider_right_wrap\"><span class=\"cmsmasters_heading_divider cmsmasters_heading_divider_right\"><\/span><\/span>\n<\/div><div class=\"cmsmasters_text\">\n<div class=\"cite\">La Pornacal is probably the most well-known &#8216;bra\u00f1a&#8217; in Somiedo, located in the highest part of the Pig\u00fce\u00f1a valley. The path from Vi\u1e37\u1e37ar de Vildas is an easy route, suitable for all ages.<\/div>\n<\/div>\n<\/div><\/div>\n<\/div>\n<\/div>\n<\/div>\n<\/div>\n<\/div>\n<div id=\"cmsmasters_row_saflh7tsh\" class=\"cmsmasters_row cmsmasters_color_scheme_default cmsmasters_row_top_default cmsmasters_row_bot_default cmsmasters_row_boxed\">\n<div class=\"cmsmasters_row_outer_parent\">\n<div class=\"cmsmasters_row_outer\">\n<div class=\"cmsmasters_row_inner\">\n<div class=\"cmsmasters_row_margin\">\n<div id=\"cmsmasters_column_p8fpuzmrpp\" class=\"cmsmasters_column one_first\">\n<div class=\"cmsmasters_column_inner\"><div id=\"cmsmasters_heading_ari63165em\" class=\"cmsmasters_heading_wrap cmsmasters_heading_align_left\">\n\t<h2 class=\"cmsmasters_heading\">Images of La Pornacal<\/h2>\n<\/div><div id=\"cmsmasters_gallery_jj7q48hye9\" class=\"cmsmasters_gallery_wrap\" data-type=\"grid\" data-count=\"8\" data-animation=\"fadeInUp\" data-delay=\"0\"><ul class=\"cmsmasters_gallery cmsmasters_4 cmsmasters_more_items_loader\"><li class=\"cmsmasters_gallery_item\"><figure><a href=\"https:\/\/somiedoturismo.es\/wp-content\/uploads\/2022\/11\/PORNACAL-TEITOS-C-001769.jpg\" rel=\"ilightbox[jj7q48hye9]\"><img loading=\"lazy\" decoding=\"async\" width=\"150\" height=\"150\" src=\"https:\/\/somiedoturismo.es\/wp-content\/uploads\/2022\/11\/PORNACAL-TEITOS-C-001769-150x150.jpg\" class=\"attachment-thumbnail size-thumbnail\" alt=\"\" srcset=\"https:\/\/somiedoturismo.es\/wp-content\/uploads\/2022\/11\/PORNACAL-TEITOS-C-001769-150x150.jpg 150w, https:\/\/somiedoturismo.es\/wp-content\/uploads\/2022\/11\/PORNACAL-TEITOS-C-001769-75x75.jpg 75w, https:\/\/somiedoturismo.es\/wp-content\/uploads\/2022\/11\/PORNACAL-TEITOS-C-001769-300x300.jpg 300w\" sizes=\"auto, (max-width: 150px) 100vw, 150px\" \/><\/a><\/figure><\/li><li class=\"cmsmasters_gallery_item\"><figure><a href=\"https:\/\/somiedoturismo.es\/wp-content\/uploads\/2022\/11\/C071128-LA-PORNACAL-RIOS.jpg\" rel=\"ilightbox[jj7q48hye9]\"><img loading=\"lazy\" decoding=\"async\" width=\"150\" height=\"150\" src=\"https:\/\/somiedoturismo.es\/wp-content\/uploads\/2022\/11\/C071128-LA-PORNACAL-RIOS-150x150.jpg\" class=\"attachment-thumbnail size-thumbnail\" alt=\"\" srcset=\"https:\/\/somiedoturismo.es\/wp-content\/uploads\/2022\/11\/C071128-LA-PORNACAL-RIOS-150x150.jpg 150w, https:\/\/somiedoturismo.es\/wp-content\/uploads\/2022\/11\/C071128-LA-PORNACAL-RIOS-75x75.jpg 75w, https:\/\/somiedoturismo.es\/wp-content\/uploads\/2022\/11\/C071128-LA-PORNACAL-RIOS-300x300.jpg 300w\" sizes=\"auto, (max-width: 150px) 100vw, 150px\" \/><\/a><\/figure><\/li><li class=\"cmsmasters_gallery_item\"><figure><a href=\"https:\/\/somiedoturismo.es\/wp-content\/uploads\/2022\/08\/IMG-20200909-WA0012.jpg\" rel=\"ilightbox[jj7q48hye9]\"><img loading=\"lazy\" decoding=\"async\" width=\"150\" height=\"150\" src=\"https:\/\/somiedoturismo.es\/wp-content\/uploads\/2022\/08\/IMG-20200909-WA0012-150x150.jpg\" class=\"attachment-thumbnail size-thumbnail\" alt=\"\" srcset=\"https:\/\/somiedoturismo.es\/wp-content\/uploads\/2022\/08\/IMG-20200909-WA0012-150x150.jpg 150w, https:\/\/somiedoturismo.es\/wp-content\/uploads\/2022\/08\/IMG-20200909-WA0012-75x75.jpg 75w, https:\/\/somiedoturismo.es\/wp-content\/uploads\/2022\/08\/IMG-20200909-WA0012-300x300.jpg 300w\" sizes=\"auto, (max-width: 150px) 100vw, 150px\" \/><\/a><\/figure><\/li><li class=\"cmsmasters_gallery_item\"><figure><a href=\"https:\/\/somiedoturismo.es\/wp-content\/uploads\/2022\/07\/Pornacal-scaled.jpeg\" rel=\"ilightbox[jj7q48hye9]\"><img loading=\"lazy\" decoding=\"async\" width=\"150\" height=\"150\" src=\"https:\/\/somiedoturismo.es\/wp-content\/uploads\/2022\/07\/Pornacal-150x150.jpeg\" class=\"attachment-thumbnail size-thumbnail\" alt=\"\" srcset=\"https:\/\/somiedoturismo.es\/wp-content\/uploads\/2022\/07\/Pornacal-150x150.jpeg 150w, https:\/\/somiedoturismo.es\/wp-content\/uploads\/2022\/07\/Pornacal-75x75.jpeg 75w, https:\/\/somiedoturismo.es\/wp-content\/uploads\/2022\/07\/Pornacal-300x300.jpeg 300w\" sizes=\"auto, (max-width: 150px) 100vw, 150px\" \/><\/a><\/figure><\/li><\/ul><\/div>\n<\/div><\/div>\n<\/div>\n<\/div>\n<\/div>\n<\/div>\n<\/div>\n\n","protected":false},"excerpt":{"rendered":"","protected":false},"author":1,"featured_media":18767,"parent":0,"menu_order":0,"comment_status":"closed","ping_status":"closed","template":"","meta":{"footnotes":""},"class_list":["post-20524","page","type-page","status-publish","has-post-thumbnail","hentry"],"yoast_head":"<!-- This site is optimized with the Yoast SEO plugin v27.1.1 - https:\/\/yoast.com\/product\/yoast-seo-wordpress\/ -->\n<title>La Pornacal - Turismo Somiedo<\/title>\n<meta name=\"robots\" content=\"index, follow, max-snippet:-1, max-image-preview:large, max-video-preview:-1\" \/>\n<link rel=\"canonical\" href=\"https:\/\/somiedoturismo.es\/en\/pornacal\" \/>\n<meta property=\"og:locale\" content=\"en_US\" \/>\n<meta property=\"og:type\" content=\"article\" \/>\n<meta property=\"og:title\" content=\"La Pornacal - Turismo Somiedo\" \/>\n<meta property=\"og:url\" content=\"https:\/\/somiedoturismo.es\/en\/pornacal\" \/>\n<meta property=\"og:site_name\" content=\"Turismo Somiedo\" \/>\n<meta property=\"article:modified_time\" content=\"2023-10-29T13:14:09+00:00\" \/>\n<meta property=\"og:image\" content=\"https:\/\/somiedoturismo.es\/wp-content\/uploads\/2022\/03\/Brana-e1670519592772.jpg\" \/>\n\t<meta property=\"og:image:width\" content=\"926\" \/>\n\t<meta property=\"og:image:height\" content=\"463\" \/>\n\t<meta property=\"og:image:type\" content=\"image\/jpeg\" \/>\n<meta name=\"twitter:card\" content=\"summary_large_image\" \/>\n<meta name=\"twitter:label1\" content=\"Est. reading time\" \/>\n\t<meta name=\"twitter:data1\" content=\"1 minute\" \/>\n<script type=\"application\/ld+json\" class=\"yoast-schema-graph\">{\"@context\":\"https:\/\/schema.org\",\"@graph\":[{\"@type\":\"WebPage\",\"@id\":\"https:\/\/somiedoturismo.es\/en\/pornacal\",\"url\":\"https:\/\/somiedoturismo.es\/en\/pornacal\",\"name\":\"La Pornacal - Turismo Somiedo\",\"isPartOf\":{\"@id\":\"https:\/\/somiedoturismo.es\/#website\"},\"primaryImageOfPage\":{\"@id\":\"https:\/\/somiedoturismo.es\/en\/pornacal#primaryimage\"},\"image\":{\"@id\":\"https:\/\/somiedoturismo.es\/en\/pornacal#primaryimage\"},\"thumbnailUrl\":\"https:\/\/somiedoturismo.es\/wp-content\/uploads\/2022\/03\/Brana-e1670519592772.jpg\",\"datePublished\":\"2022-07-09T09:48:26+00:00\",\"dateModified\":\"2023-10-29T13:14:09+00:00\",\"inLanguage\":\"en-US\",\"potentialAction\":[{\"@type\":\"ReadAction\",\"target\":[\"https:\/\/somiedoturismo.es\/en\/pornacal\"]}]},{\"@type\":\"ImageObject\",\"inLanguage\":\"en-US\",\"@id\":\"https:\/\/somiedoturismo.es\/en\/pornacal#primaryimage\",\"url\":\"https:\/\/somiedoturismo.es\/wp-content\/uploads\/2022\/03\/Brana-e1670519592772.jpg\",\"contentUrl\":\"https:\/\/somiedoturismo.es\/wp-content\/uploads\/2022\/03\/Brana-e1670519592772.jpg\",\"width\":926,\"height\":463},{\"@type\":\"WebSite\",\"@id\":\"https:\/\/somiedoturismo.es\/#website\",\"url\":\"https:\/\/somiedoturismo.es\/\",\"name\":\"Turismo Somiedo\",\"description\":\"Parque Natural\",\"potentialAction\":[{\"@type\":\"SearchAction\",\"target\":{\"@type\":\"EntryPoint\",\"urlTemplate\":\"https:\/\/somiedoturismo.es\/?s={search_term_string}\"},\"query-input\":{\"@type\":\"PropertyValueSpecification\",\"valueRequired\":true,\"valueName\":\"search_term_string\"}}],\"inLanguage\":\"en-US\"}]}<\/script>\n<!-- \/ Yoast SEO plugin. -->","yoast_head_json":{"title":"La Pornacal - Turismo Somiedo","robots":{"index":"index","follow":"follow","max-snippet":"max-snippet:-1","max-image-preview":"max-image-preview:large","max-video-preview":"max-video-preview:-1"},"canonical":"https:\/\/somiedoturismo.es\/en\/pornacal","og_locale":"en_US","og_type":"article","og_title":"La Pornacal - Turismo Somiedo","og_url":"https:\/\/somiedoturismo.es\/en\/pornacal","og_site_name":"Turismo Somiedo","article_modified_time":"2023-10-29T13:14:09+00:00","og_image":[{"width":926,"height":463,"url":"https:\/\/somiedoturismo.es\/wp-content\/uploads\/2022\/03\/Brana-e1670519592772.jpg","type":"image\/jpeg"}],"twitter_card":"summary_large_image","twitter_misc":{"Est. reading time":"1 minute"},"schema":{"@context":"https:\/\/schema.org","@graph":[{"@type":"WebPage","@id":"https:\/\/somiedoturismo.es\/en\/pornacal","url":"https:\/\/somiedoturismo.es\/en\/pornacal","name":"La Pornacal - Turismo Somiedo","isPartOf":{"@id":"https:\/\/somiedoturismo.es\/#website"},"primaryImageOfPage":{"@id":"https:\/\/somiedoturismo.es\/en\/pornacal#primaryimage"},"image":{"@id":"https:\/\/somiedoturismo.es\/en\/pornacal#primaryimage"},"thumbnailUrl":"https:\/\/somiedoturismo.es\/wp-content\/uploads\/2022\/03\/Brana-e1670519592772.jpg","datePublished":"2022-07-09T09:48:26+00:00","dateModified":"2023-10-29T13:14:09+00:00","inLanguage":"en-US","potentialAction":[{"@type":"ReadAction","target":["https:\/\/somiedoturismo.es\/en\/pornacal"]}]},{"@type":"ImageObject","inLanguage":"en-US","@id":"https:\/\/somiedoturismo.es\/en\/pornacal#primaryimage","url":"https:\/\/somiedoturismo.es\/wp-content\/uploads\/2022\/03\/Brana-e1670519592772.jpg","contentUrl":"https:\/\/somiedoturismo.es\/wp-content\/uploads\/2022\/03\/Brana-e1670519592772.jpg","width":926,"height":463},{"@type":"WebSite","@id":"https:\/\/somiedoturismo.es\/#website","url":"https:\/\/somiedoturismo.es\/","name":"Turismo Somiedo","description":"Parque Natural","potentialAction":[{"@type":"SearchAction","target":{"@type":"EntryPoint","urlTemplate":"https:\/\/somiedoturismo.es\/?s={search_term_string}"},"query-input":{"@type":"PropertyValueSpecification","valueRequired":true,"valueName":"search_term_string"}}],"inLanguage":"en-US"}]}},"_links":{"self":[{"href":"https:\/\/somiedoturismo.es\/en\/wp-json\/wp\/v2\/pages\/20524","targetHints":{"allow":["GET"]}}],"collection":[{"href":"https:\/\/somiedoturismo.es\/en\/wp-json\/wp\/v2\/pages"}],"about":[{"href":"https:\/\/somiedoturismo.es\/en\/wp-json\/wp\/v2\/types\/page"}],"author":[{"embeddable":true,"href":"https:\/\/somiedoturismo.es\/en\/wp-json\/wp\/v2\/users\/1"}],"replies":[{"embeddable":true,"href":"https:\/\/somiedoturismo.es\/en\/wp-json\/wp\/v2\/comments?post=20524"}],"version-history":[{"count":1,"href":"https:\/\/somiedoturismo.es\/en\/wp-json\/wp\/v2\/pages\/20524\/revisions"}],"predecessor-version":[{"id":20525,"href":"https:\/\/somiedoturismo.es\/en\/wp-json\/wp\/v2\/pages\/20524\/revisions\/20525"}],"wp:featuredmedia":[{"embeddable":true,"href":"https:\/\/somiedoturismo.es\/en\/wp-json\/wp\/v2\/media\/18767"}],"wp:attachment":[{"href":"https:\/\/somiedoturismo.es\/en\/wp-json\/wp\/v2\/media?parent=20524"}],"curies":[{"name":"wp","href":"https:\/\/api.w.org\/{rel}","templated":true}]}}