{"id":19994,"date":"2023-01-09T17:05:13","date_gmt":"2023-01-09T17:05:13","guid":{"rendered":"https:\/\/somiedoturismo.es\/acknowledgments"},"modified":"2023-06-24T08:21:11","modified_gmt":"2023-06-24T08:21:11","slug":"acknowledgments","status":"publish","type":"page","link":"https:\/\/somiedoturismo.es\/en\/acknowledgments","title":{"rendered":"Acknowledgments"},"content":{"rendered":"<div id=\"cmsmasters_row_59iqrqrfsw\" class=\"cmsmasters_row cmsmasters_color_scheme_default cmsmasters_row_top_default cmsmasters_row_bot_default cmsmasters_row_boxed\">\n<div class=\"cmsmasters_row_outer_parent\">\n<div class=\"cmsmasters_row_outer\">\n<div class=\"cmsmasters_row_inner\">\n<div class=\"cmsmasters_row_margin\">\n<div id=\"cmsmasters_column_lgxc0v5ars\" class=\"cmsmasters_column one_first\">\n<div class=\"cmsmasters_column_inner\">\n<div id=\"cmsmasters_divider_ad1bq53e6q\" class=\"cmsmasters_divider cmsmasters_divider_width_short cmsmasters_divider_pos_center\"><\/div>\n<\/div><\/div>\n<\/div>\n<\/div>\n<\/div>\n<\/div>\n<\/div>\n<div id=\"cmsmasters_row_8nfhpsur0o\" class=\"cmsmasters_row cmsmasters_color_scheme_default cmsmasters_row_top_default cmsmasters_row_bot_default cmsmasters_row_boxed\">\n<div class=\"cmsmasters_row_outer_parent\">\n<div class=\"cmsmasters_row_outer\">\n<div class=\"cmsmasters_row_inner\">\n<div class=\"cmsmasters_row_margin\">\n<div id=\"cmsmasters_column_nudqzvtc98\" class=\"cmsmasters_column one_first\">\n<div class=\"cmsmasters_column_inner\"><div class=\"cmsmasters_text\">\n<p>From the City Council of Somiedo we would like to show a special public thanks to all the people who have collaborated in the development of this website, especially:<\/p>\n<p>-To the municipal staff and volunteers who collaborate in the different events organized throughout the year and who contribute to position Somiedo as a destination with a varied tourist offer for the visitor.<\/p>\n<p>-To the businessmen of the hotel, lodging, activities and active tourism sector who have provided their data for the &#8220;Disfruta Somiedo&#8221; directory.<\/p>\n<p>-To the authors of the various photographs that appear on this website and who have given them free of charge for their use, especially Andr\u00e9s Feito, Jorge J\u00e1uregui, Jose Manuel Su\u00e1rez, Javier Pel\u00e1ez, Juan S\u00e1nchez and Pepe Caunedo.<\/p>\n<p>-To Alberto Boza for the cession of use of the information about the climbing routes of El Va\u1e37\u1e37e\/Valle del Lago of his book &#8220;Escalada deportiva en la Cordillera Cant\u00e1brica&#8221;.<\/p>\n<p>-To the winners of the photography contest &#8220;Somiedo four seasons&#8221;: Adela Clavel D\u00edaz, Borja Garc\u00eda Fern\u00e1ndez, Santiago Clavel Pins\u00f3n, Andr\u00e9s Feito \u00c1lvarez, Daniel F\u00ednez Mart\u00ednez, Valentin Fern\u00e1ndez Su\u00e1rez, Alberto L\u00f3pez Fern\u00e1ndez, Luis Herrero Rubinat, Jorge Garc\u00eda Valc\u00e1rcel and Liliana Noem\u00ed Monetti Rodr\u00edguez.<\/p>\n<p>-To the &#8220;Club Mountain Bike Somiedo&#8221; for their collaboration in the creation and documentation of cycling routes.<\/p>\n<\/div>\n<\/div><\/div>\n<\/div>\n<\/div>\n<\/div>\n<\/div>\n<\/div>\n\n","protected":false},"excerpt":{"rendered":"","protected":false},"author":1,"featured_media":19714,"parent":0,"menu_order":0,"comment_status":"closed","ping_status":"closed","template":"","meta":{"footnotes":""},"class_list":["post-19994","page","type-page","status-publish","has-post-thumbnail","hentry"],"yoast_head":"<!-- This site is optimized with the Yoast SEO plugin v27.1.1 - https:\/\/yoast.com\/product\/yoast-seo-wordpress\/ -->\n<title>Acknowledgments - Turismo Somiedo<\/title>\n<meta name=\"robots\" content=\"index, follow, max-snippet:-1, max-image-preview:large, max-video-preview:-1\" \/>\n<link rel=\"canonical\" href=\"https:\/\/somiedoturismo.es\/en\/acknowledgments\" \/>\n<meta property=\"og:locale\" content=\"en_US\" \/>\n<meta property=\"og:type\" content=\"article\" \/>\n<meta property=\"og:title\" content=\"Acknowledgments - Turismo Somiedo\" \/>\n<meta property=\"og:url\" content=\"https:\/\/somiedoturismo.es\/en\/acknowledgments\" \/>\n<meta property=\"og:site_name\" content=\"Turismo Somiedo\" \/>\n<meta property=\"article:modified_time\" content=\"2023-06-24T08:21:11+00:00\" \/>\n<meta property=\"og:image\" content=\"https:\/\/somiedoturismo.es\/wp-content\/uploads\/2023\/01\/P1170087-scaled.jpg\" \/>\n\t<meta property=\"og:image:width\" content=\"2560\" \/>\n\t<meta property=\"og:image:height\" content=\"1920\" \/>\n\t<meta property=\"og:image:type\" content=\"image\/jpeg\" \/>\n<meta name=\"twitter:card\" content=\"summary_large_image\" \/>\n<meta name=\"twitter:label1\" content=\"Est. reading time\" \/>\n\t<meta name=\"twitter:data1\" content=\"3 minutes\" \/>\n<script type=\"application\/ld+json\" class=\"yoast-schema-graph\">{\"@context\":\"https:\/\/schema.org\",\"@graph\":[{\"@type\":\"WebPage\",\"@id\":\"https:\/\/somiedoturismo.es\/en\/acknowledgments\",\"url\":\"https:\/\/somiedoturismo.es\/en\/acknowledgments\",\"name\":\"Acknowledgments - Turismo Somiedo\",\"isPartOf\":{\"@id\":\"https:\/\/somiedoturismo.es\/#website\"},\"primaryImageOfPage\":{\"@id\":\"https:\/\/somiedoturismo.es\/en\/acknowledgments#primaryimage\"},\"image\":{\"@id\":\"https:\/\/somiedoturismo.es\/en\/acknowledgments#primaryimage\"},\"thumbnailUrl\":\"https:\/\/somiedoturismo.es\/wp-content\/uploads\/2023\/01\/P1170087-scaled.jpg\",\"datePublished\":\"2023-01-09T17:05:13+00:00\",\"dateModified\":\"2023-06-24T08:21:11+00:00\",\"inLanguage\":\"en-US\",\"potentialAction\":[{\"@type\":\"ReadAction\",\"target\":[\"https:\/\/somiedoturismo.es\/en\/acknowledgments\"]}]},{\"@type\":\"ImageObject\",\"inLanguage\":\"en-US\",\"@id\":\"https:\/\/somiedoturismo.es\/en\/acknowledgments#primaryimage\",\"url\":\"https:\/\/somiedoturismo.es\/wp-content\/uploads\/2023\/01\/P1170087-scaled.jpg\",\"contentUrl\":\"https:\/\/somiedoturismo.es\/wp-content\/uploads\/2023\/01\/P1170087-scaled.jpg\",\"width\":2560,\"height\":1920},{\"@type\":\"WebSite\",\"@id\":\"https:\/\/somiedoturismo.es\/#website\",\"url\":\"https:\/\/somiedoturismo.es\/\",\"name\":\"Turismo Somiedo\",\"description\":\"Parque Natural\",\"potentialAction\":[{\"@type\":\"SearchAction\",\"target\":{\"@type\":\"EntryPoint\",\"urlTemplate\":\"https:\/\/somiedoturismo.es\/?s={search_term_string}\"},\"query-input\":{\"@type\":\"PropertyValueSpecification\",\"valueRequired\":true,\"valueName\":\"search_term_string\"}}],\"inLanguage\":\"en-US\"}]}<\/script>\n<!-- \/ Yoast SEO plugin. -->","yoast_head_json":{"title":"Acknowledgments - Turismo Somiedo","robots":{"index":"index","follow":"follow","max-snippet":"max-snippet:-1","max-image-preview":"max-image-preview:large","max-video-preview":"max-video-preview:-1"},"canonical":"https:\/\/somiedoturismo.es\/en\/acknowledgments","og_locale":"en_US","og_type":"article","og_title":"Acknowledgments - Turismo Somiedo","og_url":"https:\/\/somiedoturismo.es\/en\/acknowledgments","og_site_name":"Turismo Somiedo","article_modified_time":"2023-06-24T08:21:11+00:00","og_image":[{"width":2560,"height":1920,"url":"https:\/\/somiedoturismo.es\/wp-content\/uploads\/2023\/01\/P1170087-scaled.jpg","type":"image\/jpeg"}],"twitter_card":"summary_large_image","twitter_misc":{"Est. reading time":"3 minutes"},"schema":{"@context":"https:\/\/schema.org","@graph":[{"@type":"WebPage","@id":"https:\/\/somiedoturismo.es\/en\/acknowledgments","url":"https:\/\/somiedoturismo.es\/en\/acknowledgments","name":"Acknowledgments - Turismo Somiedo","isPartOf":{"@id":"https:\/\/somiedoturismo.es\/#website"},"primaryImageOfPage":{"@id":"https:\/\/somiedoturismo.es\/en\/acknowledgments#primaryimage"},"image":{"@id":"https:\/\/somiedoturismo.es\/en\/acknowledgments#primaryimage"},"thumbnailUrl":"https:\/\/somiedoturismo.es\/wp-content\/uploads\/2023\/01\/P1170087-scaled.jpg","datePublished":"2023-01-09T17:05:13+00:00","dateModified":"2023-06-24T08:21:11+00:00","inLanguage":"en-US","potentialAction":[{"@type":"ReadAction","target":["https:\/\/somiedoturismo.es\/en\/acknowledgments"]}]},{"@type":"ImageObject","inLanguage":"en-US","@id":"https:\/\/somiedoturismo.es\/en\/acknowledgments#primaryimage","url":"https:\/\/somiedoturismo.es\/wp-content\/uploads\/2023\/01\/P1170087-scaled.jpg","contentUrl":"https:\/\/somiedoturismo.es\/wp-content\/uploads\/2023\/01\/P1170087-scaled.jpg","width":2560,"height":1920},{"@type":"WebSite","@id":"https:\/\/somiedoturismo.es\/#website","url":"https:\/\/somiedoturismo.es\/","name":"Turismo Somiedo","description":"Parque Natural","potentialAction":[{"@type":"SearchAction","target":{"@type":"EntryPoint","urlTemplate":"https:\/\/somiedoturismo.es\/?s={search_term_string}"},"query-input":{"@type":"PropertyValueSpecification","valueRequired":true,"valueName":"search_term_string"}}],"inLanguage":"en-US"}]}},"_links":{"self":[{"href":"https:\/\/somiedoturismo.es\/en\/wp-json\/wp\/v2\/pages\/19994","targetHints":{"allow":["GET"]}}],"collection":[{"href":"https:\/\/somiedoturismo.es\/en\/wp-json\/wp\/v2\/pages"}],"about":[{"href":"https:\/\/somiedoturismo.es\/en\/wp-json\/wp\/v2\/types\/page"}],"author":[{"embeddable":true,"href":"https:\/\/somiedoturismo.es\/en\/wp-json\/wp\/v2\/users\/1"}],"replies":[{"embeddable":true,"href":"https:\/\/somiedoturismo.es\/en\/wp-json\/wp\/v2\/comments?post=19994"}],"version-history":[{"count":1,"href":"https:\/\/somiedoturismo.es\/en\/wp-json\/wp\/v2\/pages\/19994\/revisions"}],"predecessor-version":[{"id":19995,"href":"https:\/\/somiedoturismo.es\/en\/wp-json\/wp\/v2\/pages\/19994\/revisions\/19995"}],"wp:featuredmedia":[{"embeddable":true,"href":"https:\/\/somiedoturismo.es\/en\/wp-json\/wp\/v2\/media\/19714"}],"wp:attachment":[{"href":"https:\/\/somiedoturismo.es\/en\/wp-json\/wp\/v2\/media?parent=19994"}],"curies":[{"name":"wp","href":"https:\/\/api.w.org\/{rel}","templated":true}]}}